{"id":11,"date":"2025-08-14T22:45:29","date_gmt":"2025-08-14T20:45:29","guid":{"rendered":"http:\/\/217.154.215.52\/?page_id=11"},"modified":"2026-01-31T18:34:02","modified_gmt":"2026-01-31T17:34:02","slug":"startseite","status":"publish","type":"page","link":"https:\/\/www.matthias-weiss-romane.de\/","title":{"rendered":"Matthias Wei\u00df Romane"},"content":{"rendered":"\n<h1 class=\"wp-block-heading has-text-align-center has-algerian-font-family\" style=\"font-size:60px\">Matthias Weiss Romane<br>der Pakt der Tiere<\/h1>\n\n\n\n<p class=\"wp-elements-65e7711cce06435d967f04d02ffa234e\">M\u00f6chtest du mein Hobby freiwillig unterst\u00fctzen?  <a href=\"https:\/\/buy.stripe.com\/9B65kF9X0egR00233U8Zq01\" target=\"_blank\" rel=\"noopener\" title=\"\">\u00dcberweisung<\/a>, <a href=\"https:\/\/www.paypal.com\/paypalme\/MatthiasWeiss766\" target=\"_blank\" rel=\"noopener\" title=\"\">PayPal<\/a><\/p>\n\n\n\n<hr class=\"wp-block-separator has-alpha-channel-opacity is-style-wide\"\/>\n\n\n\n<div style=\"padding:20px\" class=\"wp-block-tnp-minimal\"><p>Wollt ihr nichts mehr verpassen? Dann hinterlasst eure Mail-Adresse hier, damit ihr immer auf dem Laufenden seid.<\/p><div><div class=\"tnp tnp-subscription-minimal  \"><form action=\"https:\/\/www.matthias-weiss-romane.de\/wp-admin\/admin-ajax.php?action=tnp&amp;na=s\" method=\"post\" style=\"text-align: center\"><input type=\"hidden\" name=\"nr\" value=\"minimal\">\n<input type=\"hidden\" name=\"nlang\" value=\"\">\n<input class=\"tnp-email\" type=\"email\" required name=\"ne\" value=\"\" placeholder=\"E-Mail-Adresse\"><input class=\"tnp-submit\" type=\"submit\" value=\"Abonnieren\" style=\"\">\n<div class=\"tnp-field tnp-privacy-field\"><label><input type=\"checkbox\" name=\"ny\" required class=\"tnp-privacy\"> <a target=\"_blank\" href=\"https:\/\/www.matthias-weiss-romane.de\/index.php\/datenschutz\/\">Hiermit akzeptiere ich die Datenschutzbestimmungen<\/a><\/label><\/div><\/form><\/div>\n<\/div><\/div>\n\n\n\n<div class=\"wp-block-columns is-layout-flex wp-container-core-columns-is-layout-2000334d wp-block-columns-is-layout-flex\" style=\"padding-top:0;padding-right:0;padding-bottom:0;padding-left:0\">\n<div class=\"wp-block-column is-content-justification-right is-layout-constrained wp-container-core-column-is-layout-cfec2038 wp-block-column-is-layout-constrained\" style=\"border-style:none;border-width:0px;border-radius:0px;padding-right:0;padding-left:0;flex-basis:21.62%\">\n<figure class=\"wp-block-image alignleft size-large has-custom-border\" style=\"margin-top:0;margin-right:0;margin-bottom:0;margin-left:0\"><a href=\"https:\/\/www.matthias-weiss-romane.de\/index.php\/pdf-embed-viewer\/777-2\/\"><img loading=\"lazy\" decoding=\"async\" width=\"683\" height=\"1024\" src=\"https:\/\/www.matthias-weiss-romane.de\/wp-content\/uploads\/2025\/08\/513378962_23884503401213012_6033968752612920896_n-683x1024.jpg\" alt=\"\" class=\"wp-image-446\" style=\"border-style:none;border-width:0px;border-top-left-radius:0px;border-top-right-radius:0px;border-bottom-left-radius:0px;border-bottom-right-radius:0px\" srcset=\"https:\/\/www.matthias-weiss-romane.de\/wp-content\/uploads\/2025\/08\/513378962_23884503401213012_6033968752612920896_n-683x1024.jpg 683w, https:\/\/www.matthias-weiss-romane.de\/wp-content\/uploads\/2025\/08\/513378962_23884503401213012_6033968752612920896_n-200x300.jpg 200w, https:\/\/www.matthias-weiss-romane.de\/wp-content\/uploads\/2025\/08\/513378962_23884503401213012_6033968752612920896_n-768x1151.jpg 768w, https:\/\/www.matthias-weiss-romane.de\/wp-content\/uploads\/2025\/08\/513378962_23884503401213012_6033968752612920896_n-1025x1536.jpg 1025w, https:\/\/www.matthias-weiss-romane.de\/wp-content\/uploads\/2025\/08\/513378962_23884503401213012_6033968752612920896_n.jpg 1366w\" sizes=\"auto, (max-width: 683px) 100vw, 683px\" \/><\/a><\/figure>\n<\/div>\n\n\n\n<div class=\"wp-block-column is-layout-flow wp-block-column-is-layout-flow\" style=\"flex-basis:10%\">\n<p class=\"has-small-font-size\"><\/p>\n<\/div>\n\n\n\n<div class=\"wp-block-column is-layout-flow wp-block-column-is-layout-flow\" style=\"flex-basis:40%\">\n<p>Das 22. Jahrhundert.<\/p>\n\n\n\n<p>Die Jagd und Massentierhaltung sind verboten. Auch Landwirte m\u00fcssen hohe Abgaben zahlen, wodurch Milch und Eier zu Schmuggelware werden.<br><br>Diese neuen Gesetze zwangen viele wilde Tiere wegen der \u00dcberbev\u00f6lkerung der W\u00e4lder in die St\u00e4dte der Menschen zu ziehen und begannen dort das Leben als Stadttiere.<br><br>Um als Stadttiere zu \u00fcberleben haben sie eines gelernt: Das Nutzen ihrer individuellen St\u00e4rken als Gemeinschaft.<\/p>\n<\/div>\n<\/div>\n\n\n\n<div class=\"wp-block-group is-layout-constrained wp-block-group-is-layout-constrained\">\n<hr class=\"wp-block-separator has-alpha-channel-opacity is-style-wide\"\/>\n<\/div>\n\n\n\n<h2 class=\"wp-block-heading has-text-align-center has-algerian-font-family\" style=\"font-size:50px\">Mein erstes Buch<\/h2>\n\n\n\n<div class=\"wp-block-columns is-layout-flex wp-container-core-columns-is-layout-28f84493 wp-block-columns-is-layout-flex\">\n<div class=\"wp-block-column is-layout-flow wp-block-column-is-layout-flow\">\n<p class=\"has-text-align-left\">Matthew Black und Talos Hul m\u00fcssen f\u00fcr K\u00f6nig Cedric eine Stadt untersuchen, zu der der Kontakt abgebrochen ist und finden heraus, dass die Bedrohung noch viel gr\u00f6\u00dfer ist als der K\u00f6nig erwartet hatte.<\/p>\n\n\n\n<figure class=\"wp-block-image aligncenter size-large is-resized\"><a href=\"https:\/\/www.matthias-weiss-romane.de\/index.php\/pdf-embed-viewer\/hero-tales-geschichte-zweier-helden\/\" target=\"_blank\" rel=\"https:\/\/www.matthias-weiss-romane.de\/index.php\/pdf-embed-viewer\/hero-tales-geschichte-zweier-helden\/\"><img loading=\"lazy\" decoding=\"async\" width=\"683\" height=\"1024\" src=\"https:\/\/www.matthias-weiss-romane.de\/wp-content\/uploads\/2025\/08\/Heo-Tales-Cover-aktuell-1-683x1024.jpg\" alt=\"\" class=\"wp-image-599\" style=\"width:300px\" srcset=\"https:\/\/www.matthias-weiss-romane.de\/wp-content\/uploads\/2025\/08\/Heo-Tales-Cover-aktuell-1-683x1024.jpg 683w, https:\/\/www.matthias-weiss-romane.de\/wp-content\/uploads\/2025\/08\/Heo-Tales-Cover-aktuell-1-200x300.jpg 200w, https:\/\/www.matthias-weiss-romane.de\/wp-content\/uploads\/2025\/08\/Heo-Tales-Cover-aktuell-1-768x1151.jpg 768w, https:\/\/www.matthias-weiss-romane.de\/wp-content\/uploads\/2025\/08\/Heo-Tales-Cover-aktuell-1-1024x1536.jpg 1024w, https:\/\/www.matthias-weiss-romane.de\/wp-content\/uploads\/2025\/08\/Heo-Tales-Cover-aktuell-1-1366x2048.jpg 1366w, https:\/\/www.matthias-weiss-romane.de\/wp-content\/uploads\/2025\/08\/Heo-Tales-Cover-aktuell-1.jpg 1418w\" sizes=\"auto, (max-width: 683px) 100vw, 683px\" \/><\/a><\/figure>\n<\/div>\n<\/div>\n\n\n\n<p class=\"has-text-align-center\">Teilt eure Gedanken in den Kommentaren: <a href=\"https:\/\/www.matthias-weiss-romane.de\/index.php\/__trashed\/\" target=\"_blank\" rel=\"noopener\" title=\"Hier\">Hier<\/a><\/p>\n","protected":false},"excerpt":{"rendered":"<p>Matthias Weiss Romaneder Pakt der Tiere M\u00f6chtest du mein Hobby freiwillig unterst\u00fctzen? \u00dcberweisung, PayPal Das 22. Jahrhundert. Die Jagd und Massentierhaltung sind verboten. Auch Landwirte m\u00fcssen hohe Abgaben zahlen, wodurch Milch und Eier zu Schmuggelware werden. Diese neuen Gesetze zwangen viele wilde Tiere wegen der \u00dcberbev\u00f6lkerung der W\u00e4lder in die St\u00e4dte der Menschen zu ziehen [&hellip;]<\/p>\n","protected":false},"author":1,"featured_media":0,"parent":0,"menu_order":0,"comment_status":"closed","ping_status":"closed","template":"","meta":{"om_disable_all_campaigns":false,"_monsterinsights_skip_tracking":false,"_monsterinsights_sitenote_active":false,"_monsterinsights_sitenote_note":"","_monsterinsights_sitenote_category":0,"footnotes":""},"class_list":["post-11","page","type-page","status-publish","hentry"],"aioseo_notices":[],"_links":{"self":[{"href":"https:\/\/www.matthias-weiss-romane.de\/index.php\/wp-json\/wp\/v2\/pages\/11","targetHints":{"allow":["GET"]}}],"collection":[{"href":"https:\/\/www.matthias-weiss-romane.de\/index.php\/wp-json\/wp\/v2\/pages"}],"about":[{"href":"https:\/\/www.matthias-weiss-romane.de\/index.php\/wp-json\/wp\/v2\/types\/page"}],"author":[{"embeddable":true,"href":"https:\/\/www.matthias-weiss-romane.de\/index.php\/wp-json\/wp\/v2\/users\/1"}],"replies":[{"embeddable":true,"href":"https:\/\/www.matthias-weiss-romane.de\/index.php\/wp-json\/wp\/v2\/comments?post=11"}],"version-history":[{"count":11,"href":"https:\/\/www.matthias-weiss-romane.de\/index.php\/wp-json\/wp\/v2\/pages\/11\/revisions"}],"predecessor-version":[{"id":1113,"href":"https:\/\/www.matthias-weiss-romane.de\/index.php\/wp-json\/wp\/v2\/pages\/11\/revisions\/1113"}],"wp:attachment":[{"href":"https:\/\/www.matthias-weiss-romane.de\/index.php\/wp-json\/wp\/v2\/media?parent=11"}],"curies":[{"name":"wp","href":"https:\/\/api.w.org\/{rel}","templated":true}]}}