{"id":995,"date":"2026-01-31T11:54:59","date_gmt":"2026-01-31T10:54:59","guid":{"rendered":"https:\/\/www.matthias-weiss-romane.de\/?page_id=995"},"modified":"2026-01-31T18:19:01","modified_gmt":"2026-01-31T17:19:01","slug":"__trashed","status":"publish","type":"page","link":"https:\/\/www.matthias-weiss-romane.de\/index.php\/__trashed\/","title":{"rendered":"Kommentare"},"content":{"rendered":"\n<p class=\"has-text-align-center\">Hinterlasst hier eure Kommentare und Feedback. Ich freue mich immer darauf<\/p>\n\n\n\n<div class=\"wp-block-comments\">\n\n\n\n\n\n\t<div id=\"respond\" class=\"comment-respond wp-block-post-comments-form\">\n\t\t<h3 id=\"reply-title\" class=\"comment-reply-title\">Schreibe einen Kommentar <small><a rel=\"nofollow\" id=\"cancel-comment-reply-link\" href=\"\/index.php\/wp-json\/wp\/v2\/pages\/995#respond\" style=\"display:none;\">Antwort abbrechen<\/a><\/small><\/h3><form action=\"https:\/\/www.matthias-weiss-romane.de\/wp-comments-post.php\" method=\"post\" id=\"commentform\" class=\"comment-form\"><p class=\"comment-notes\"><span id=\"email-notes\">Deine E-Mail-Adresse wird nicht ver\u00f6ffentlicht.<\/span> <span class=\"required-field-message\">Erforderliche Felder sind mit <span class=\"required\">*<\/span> markiert<\/span><\/p><p class=\"comment-form-comment\"><label for=\"comment\">Kommentar <span class=\"required\">*<\/span><\/label> <textarea id=\"comment\" name=\"comment\" cols=\"45\" rows=\"8\" maxlength=\"65525\" required><\/textarea><\/p><p class=\"comment-form-author\"><label for=\"author\">Name<\/label> <input id=\"author\" name=\"author\" type=\"text\" value=\"\" size=\"30\" maxlength=\"245\" autocomplete=\"name\" \/><\/p>\n<p class=\"comment-form-email\"><label for=\"email\">E-Mail-Adresse<\/label> <input id=\"email\" name=\"email\" type=\"email\" value=\"\" size=\"30\" maxlength=\"100\" aria-describedby=\"email-notes\" autocomplete=\"email\" \/><\/p>\n<p class=\"comment-form-url\"><label for=\"url\">Website<\/label> <input id=\"url\" name=\"url\" type=\"url\" value=\"\" size=\"30\" maxlength=\"200\" autocomplete=\"url\" \/><\/p>\n<p class=\"comment-form-cookies-consent\"><input id=\"wp-comment-cookies-consent\" name=\"wp-comment-cookies-consent\" type=\"checkbox\" value=\"yes\" \/> <label for=\"wp-comment-cookies-consent\">Meinen Namen, meine E-Mail-Adresse und meine Website in diesem Browser f\u00fcr die n\u00e4chste Kommentierung speichern.<\/label><\/p>\n<p class=\"form-submit wp-block-button\"><input name=\"submit\" type=\"submit\" id=\"submit\" class=\"wp-block-button__link wp-element-button\" value=\"Kommentar abschicken\" \/> <input type='hidden' name='comment_post_ID' value='995' id='comment_post_ID' \/>\n<input type='hidden' name='comment_parent' id='comment_parent' value='0' \/>\n<\/p><p style=\"display: none !important;\" class=\"akismet-fields-container\" data-prefix=\"ak_\"><label>&#916;<textarea name=\"ak_hp_textarea\" cols=\"45\" rows=\"8\" maxlength=\"100\"><\/textarea><\/label><input type=\"hidden\" id=\"ak_js_1\" name=\"ak_js\" value=\"38\"\/><script>document.getElementById( \"ak_js_1\" ).setAttribute( \"value\", ( new Date() ).getTime() );<\/script><\/p><\/form>\t<\/div><!-- #respond -->\n\t\n\n<ol class=\"has-avatars has-dates has-excerpts wp-block-latest-comments\"><li class=\"wp-block-latest-comments__comment\"><img alt='' src='https:\/\/secure.gravatar.com\/avatar\/b3ad40f0fdd6801c27c6be6619b2d0c816a1bdd0889b916d5751a8e663cbc6be?s=48&#038;d=mm&#038;r=g' srcset='https:\/\/secure.gravatar.com\/avatar\/b3ad40f0fdd6801c27c6be6619b2d0c816a1bdd0889b916d5751a8e663cbc6be?s=96&#038;d=mm&#038;r=g 2x' class='avatar avatar-48 photo wp-block-latest-comments__comment-avatar' height='48' width='48' \/><article><footer class=\"wp-block-latest-comments__comment-meta\"><span class=\"wp-block-latest-comments__comment-author\">Actionratte<\/span> zu <a class=\"wp-block-latest-comments__comment-link\" href=\"https:\/\/www.matthias-weiss-romane.de\/index.php\/2025\/08\/15\/pakt-der-tiere\/#comment-19\">Eure Gedanken<\/a><time datetime=\"2026-01-17T02:10:36+01:00\" class=\"wp-block-latest-comments__comment-date\">17. Januar 2026<\/time><\/footer><div class=\"wp-block-latest-comments__comment-excerpt\"><p>Gro\u00dfartig. Ich freue mich schon tierisch wie ein Fuchs auf deine Meinung \ud83d\ude42<\/p>\n<\/div><\/article><\/li><li class=\"wp-block-latest-comments__comment\"><img alt='' src='https:\/\/secure.gravatar.com\/avatar\/4d3dcf7309fecc59b50eae615fedd8c136583b66d75389562079263b581cea34?s=48&#038;d=mm&#038;r=g' srcset='https:\/\/secure.gravatar.com\/avatar\/4d3dcf7309fecc59b50eae615fedd8c136583b66d75389562079263b581cea34?s=96&#038;d=mm&#038;r=g 2x' class='avatar avatar-48 photo wp-block-latest-comments__comment-avatar' height='48' width='48' \/><article><footer class=\"wp-block-latest-comments__comment-meta\"><span class=\"wp-block-latest-comments__comment-author\">Thorheit<\/span> zu <a class=\"wp-block-latest-comments__comment-link\" href=\"https:\/\/www.matthias-weiss-romane.de\/index.php\/2025\/08\/15\/pakt-der-tiere\/#comment-18\">Eure Gedanken<\/a><time datetime=\"2026-01-17T00:22:20+01:00\" class=\"wp-block-latest-comments__comment-date\">17. Januar 2026<\/time><\/footer><div class=\"wp-block-latest-comments__comment-excerpt\"><p>Ich m\u00f6chte einen lieben Gru\u00df in deinem &#8222;G\u00e4stebuch&#8220; hinterlassen! Die Tage werde ich mich mal in deine B\u00fccher einlesen, bin&hellip;<\/p>\n<\/div><\/article><\/li><li class=\"wp-block-latest-comments__comment\"><img alt='' src='https:\/\/secure.gravatar.com\/avatar\/b3ad40f0fdd6801c27c6be6619b2d0c816a1bdd0889b916d5751a8e663cbc6be?s=48&#038;d=mm&#038;r=g' srcset='https:\/\/secure.gravatar.com\/avatar\/b3ad40f0fdd6801c27c6be6619b2d0c816a1bdd0889b916d5751a8e663cbc6be?s=96&#038;d=mm&#038;r=g 2x' class='avatar avatar-48 photo wp-block-latest-comments__comment-avatar' height='48' width='48' \/><article><footer class=\"wp-block-latest-comments__comment-meta\"><a class=\"wp-block-latest-comments__comment-author\" href=\"http:\/\/217.154.215.52\">Actionratte<\/a> zu <a class=\"wp-block-latest-comments__comment-link\" href=\"https:\/\/www.matthias-weiss-romane.de\/index.php\/2025\/08\/15\/pakt-der-tiere\/#comment-13\">Eure Gedanken<\/a><time datetime=\"2025-12-07T14:22:40+01:00\" class=\"wp-block-latest-comments__comment-date\">7. Dezember 2025<\/time><\/footer><div class=\"wp-block-latest-comments__comment-excerpt\"><p>Danke dir \ud83d\ude42 Es ist immer sch\u00f6n wenn man gesch\u00e4tzt wird. Gr\u00fc\u00dfe<\/p>\n<\/div><\/article><\/li><li class=\"wp-block-latest-comments__comment\"><img alt='' src='https:\/\/secure.gravatar.com\/avatar\/?s=48&#038;d=mm&#038;r=g' srcset='https:\/\/secure.gravatar.com\/avatar\/?s=96&#038;d=mm&#038;r=g 2x' class='avatar avatar-48 photo avatar-default wp-block-latest-comments__comment-avatar' height='48' width='48' \/><article><footer class=\"wp-block-latest-comments__comment-meta\"><span class=\"wp-block-latest-comments__comment-author\">Luisa<\/span> zu <a class=\"wp-block-latest-comments__comment-link\" href=\"https:\/\/www.matthias-weiss-romane.de\/index.php\/2025\/08\/15\/pakt-der-tiere\/#comment-12\">Eure Gedanken<\/a><time datetime=\"2025-12-07T02:46:35+01:00\" class=\"wp-block-latest-comments__comment-date\">7. Dezember 2025<\/time><\/footer><div class=\"wp-block-latest-comments__comment-excerpt\"><p>Ich bin sehr beeindruckt von dem 1. Buch. Es ist sehr spannend. Ist jetzt meine neue Abendlkt\u00fcre vor dem Schlafen&hellip;<\/p>\n<\/div><\/article><\/li><li class=\"wp-block-latest-comments__comment\"><img alt='' src='https:\/\/secure.gravatar.com\/avatar\/b3ad40f0fdd6801c27c6be6619b2d0c816a1bdd0889b916d5751a8e663cbc6be?s=48&#038;d=mm&#038;r=g' srcset='https:\/\/secure.gravatar.com\/avatar\/b3ad40f0fdd6801c27c6be6619b2d0c816a1bdd0889b916d5751a8e663cbc6be?s=96&#038;d=mm&#038;r=g 2x' class='avatar avatar-48 photo wp-block-latest-comments__comment-avatar' height='48' width='48' \/><article><footer class=\"wp-block-latest-comments__comment-meta\"><span class=\"wp-block-latest-comments__comment-author\">Matthias Wei\u00df<\/span> zu <a class=\"wp-block-latest-comments__comment-link\" href=\"https:\/\/www.matthias-weiss-romane.de\/index.php\/2025\/08\/15\/pakt-der-tiere\/#comment-11\">Eure Gedanken<\/a><time datetime=\"2025-11-30T11:09:27+01:00\" class=\"wp-block-latest-comments__comment-date\">30. November 2025<\/time><\/footer><div class=\"wp-block-latest-comments__comment-excerpt\"><p>Vielen Dank. Hoffentlich wird mein Buch ein Erfolg. Frohe ersten Advent \ud83d\ude42<\/p>\n<\/div><\/article><\/li><li class=\"wp-block-latest-comments__comment\"><img alt='' src='https:\/\/secure.gravatar.com\/avatar\/?s=48&#038;d=mm&#038;r=g' srcset='https:\/\/secure.gravatar.com\/avatar\/?s=96&#038;d=mm&#038;r=g 2x' class='avatar avatar-48 photo avatar-default wp-block-latest-comments__comment-avatar' height='48' width='48' \/><article><footer class=\"wp-block-latest-comments__comment-meta\"><span class=\"wp-block-latest-comments__comment-author\">Zamanga<\/span> zu <a class=\"wp-block-latest-comments__comment-link\" href=\"https:\/\/www.matthias-weiss-romane.de\/index.php\/2025\/08\/15\/pakt-der-tiere\/#comment-10\">Eure Gedanken<\/a><time datetime=\"2025-11-29T09:42:14+01:00\" class=\"wp-block-latest-comments__comment-date\">29. November 2025<\/time><\/footer><div class=\"wp-block-latest-comments__comment-excerpt\"><p>Sch\u00f6n, dass man dich jetzt endlich auch \u00fcber Google findet. Ich w\u00fcnsche dir, dass du damit auch Zugang zu einer&hellip;<\/p>\n<\/div><\/article><\/li><li class=\"wp-block-latest-comments__comment\"><img alt='' src='https:\/\/secure.gravatar.com\/avatar\/?s=48&#038;d=mm&#038;r=g' srcset='https:\/\/secure.gravatar.com\/avatar\/?s=96&#038;d=mm&#038;r=g 2x' class='avatar avatar-48 photo avatar-default wp-block-latest-comments__comment-avatar' height='48' width='48' \/><article><footer class=\"wp-block-latest-comments__comment-meta\"><span class=\"wp-block-latest-comments__comment-author\">Anonym<\/span> zu <a class=\"wp-block-latest-comments__comment-link\" href=\"https:\/\/www.matthias-weiss-romane.de\/index.php\/2025\/08\/15\/pakt-der-tiere\/#comment-9\">Eure Gedanken<\/a><time datetime=\"2025-08-17T20:09:05+02:00\" class=\"wp-block-latest-comments__comment-date\">17. August 2025<\/time><\/footer><div class=\"wp-block-latest-comments__comment-excerpt\"><p>Mega Buch! Voll die Eye-Opener-Story, die einen echt flashen kann. Liest sich easy weg und bleibt trotzdem h\u00e4ngen \u2013 richtig&hellip;<\/p>\n<\/div><\/article><\/li><li class=\"wp-block-latest-comments__comment\"><img alt='' src='https:\/\/secure.gravatar.com\/avatar\/?s=48&#038;d=mm&#038;r=g' srcset='https:\/\/secure.gravatar.com\/avatar\/?s=96&#038;d=mm&#038;r=g 2x' class='avatar avatar-48 photo avatar-default wp-block-latest-comments__comment-avatar' height='48' width='48' \/><article><footer class=\"wp-block-latest-comments__comment-meta\"><span class=\"wp-block-latest-comments__comment-author\">Zamanga<\/span> zu <a class=\"wp-block-latest-comments__comment-link\" href=\"https:\/\/www.matthias-weiss-romane.de\/index.php\/2025\/08\/15\/pakt-der-tiere\/#comment-8\">Eure Gedanken<\/a><time datetime=\"2025-08-16T17:36:24+02:00\" class=\"wp-block-latest-comments__comment-date\">16. August 2025<\/time><\/footer><div class=\"wp-block-latest-comments__comment-excerpt\"><p>Deine Einf\u00fchrung in den Pakt der Tiere und Beschreibung der Ausgangssituation finde ich zu kurz. Ein paar Seiten mehr finde&hellip;<\/p>\n<\/div><\/article><\/li><li class=\"wp-block-latest-comments__comment\"><img alt='' src='https:\/\/secure.gravatar.com\/avatar\/?s=48&#038;d=mm&#038;r=g' srcset='https:\/\/secure.gravatar.com\/avatar\/?s=96&#038;d=mm&#038;r=g 2x' class='avatar avatar-48 photo avatar-default wp-block-latest-comments__comment-avatar' height='48' width='48' \/><article><footer class=\"wp-block-latest-comments__comment-meta\"><span class=\"wp-block-latest-comments__comment-author\">Sumatra<\/span> zu <a class=\"wp-block-latest-comments__comment-link\" href=\"https:\/\/www.matthias-weiss-romane.de\/index.php\/2025\/08\/15\/pakt-der-tiere\/#comment-7\">Eure Gedanken<\/a><time datetime=\"2025-08-16T17:26:54+02:00\" class=\"wp-block-latest-comments__comment-date\">16. August 2025<\/time><\/footer><div class=\"wp-block-latest-comments__comment-excerpt\"><p>Wann geht es endlich mit Elorias weiter?<\/p>\n<\/div><\/article><\/li><li class=\"wp-block-latest-comments__comment\"><img alt='' src='https:\/\/secure.gravatar.com\/avatar\/b3ad40f0fdd6801c27c6be6619b2d0c816a1bdd0889b916d5751a8e663cbc6be?s=48&#038;d=mm&#038;r=g' srcset='https:\/\/secure.gravatar.com\/avatar\/b3ad40f0fdd6801c27c6be6619b2d0c816a1bdd0889b916d5751a8e663cbc6be?s=96&#038;d=mm&#038;r=g 2x' class='avatar avatar-48 photo wp-block-latest-comments__comment-avatar' height='48' width='48' \/><article><footer class=\"wp-block-latest-comments__comment-meta\"><a class=\"wp-block-latest-comments__comment-author\" href=\"http:\/\/217.154.215.52\">Actionratte<\/a> zu <a class=\"wp-block-latest-comments__comment-link\" href=\"https:\/\/www.matthias-weiss-romane.de\/index.php\/2025\/08\/15\/pakt-der-tiere\/#comment-6\">Eure Gedanken<\/a><time datetime=\"2025-08-16T17:26:12+02:00\" class=\"wp-block-latest-comments__comment-date\">16. August 2025<\/time><\/footer><div class=\"wp-block-latest-comments__comment-excerpt\"><p>Vielen Dank, das motiviert mich zu so viel mehr in meinen zuk\u00fcnftigen Werken<\/p>\n<\/div><\/article><\/li><\/ol><\/div>\n","protected":false},"excerpt":{"rendered":"<p>Hinterlasst hier eure Kommentare und Feedback. Ich freue mich immer darauf<\/p>\n","protected":false},"author":1,"featured_media":0,"parent":0,"menu_order":0,"comment_status":"open","ping_status":"closed","template":"","meta":{"om_disable_all_campaigns":false,"_monsterinsights_skip_tracking":false,"_monsterinsights_sitenote_active":false,"_monsterinsights_sitenote_note":"","_monsterinsights_sitenote_category":0,"footnotes":""},"class_list":["post-995","page","type-page","status-publish","hentry"],"aioseo_notices":[],"_links":{"self":[{"href":"https:\/\/www.matthias-weiss-romane.de\/index.php\/wp-json\/wp\/v2\/pages\/995","targetHints":{"allow":["GET"]}}],"collection":[{"href":"https:\/\/www.matthias-weiss-romane.de\/index.php\/wp-json\/wp\/v2\/pages"}],"about":[{"href":"https:\/\/www.matthias-weiss-romane.de\/index.php\/wp-json\/wp\/v2\/types\/page"}],"author":[{"embeddable":true,"href":"https:\/\/www.matthias-weiss-romane.de\/index.php\/wp-json\/wp\/v2\/users\/1"}],"replies":[{"embeddable":true,"href":"https:\/\/www.matthias-weiss-romane.de\/index.php\/wp-json\/wp\/v2\/comments?post=995"}],"version-history":[{"count":16,"href":"https:\/\/www.matthias-weiss-romane.de\/index.php\/wp-json\/wp\/v2\/pages\/995\/revisions"}],"predecessor-version":[{"id":1077,"href":"https:\/\/www.matthias-weiss-romane.de\/index.php\/wp-json\/wp\/v2\/pages\/995\/revisions\/1077"}],"wp:attachment":[{"href":"https:\/\/www.matthias-weiss-romane.de\/index.php\/wp-json\/wp\/v2\/media?parent=995"}],"curies":[{"name":"wp","href":"https:\/\/api.w.org\/{rel}","templated":true}]}}